{"id":133,"date":"2015-09-27T18:41:21","date_gmt":"2015-09-27T17:41:21","guid":{"rendered":"http:\/\/www.flshka.com\/?page_id=133"},"modified":"2019-01-30T00:49:19","modified_gmt":"2019-01-29T22:49:19","slug":"evolve","status":"publish","type":"page","link":"https:\/\/flshka.com\/en\/evolve\/","title":{"rendered":"Evolve"},"content":{"rendered":"<iframe loading=\"lazy\" width=\"840\" height=\"473\" src=\"https:\/\/www.youtube.com\/embed\/QoAPZzRusrs?feature=oembed\" frameborder=\"0\" allow=\"accelerometer; autoplay; encrypted-media; gyroscope; picture-in-picture\" allowfullscreen><\/iframe>\r\n\r\n[raw]\r\n<\/br><\/br><hr\/><\/br>\r\n<p class=\"alignleft\"><img loading=\"lazy\" decoding=\"async\" src=\"http:\/\/flshka.com\/wp-content\/uploads\/2015\/09\/Evolve-med500-DSCF1292.jpg\" alt=\"Evolve-med500-DSCF1292\" class=\"align-left\" width=\"300\" height=\"200\" \/><\/a><\/p>\r\n\r\n<p><i>\" De la naissance de la terre jusqu'\u00e0  nos jours, quelques milliards d'ann\u00e9e d'\u00e9volution en 2 min 30 \"<\/i>\r\n<\/br> <\/br>\r\nEvolve est la premi\u00e8re cr\u00e9ation de Flshka design, elle a \u00e9t\u00e9 prim\u00e9e par le 2nd prix du jury lors du \"Chartres Video Mapping Contest\" 2015.\r\n<\/br><\/br><\/br><\/br><\/br><\/br><\/p>\r\n\r\n<p class=\"alignleft\">\r\n<img loading=\"lazy\" decoding=\"async\" src=\"http:\/\/flshka.com\/wp-content\/uploads\/2015\/09\/Chartres-en-lumi\u00e8res.png\" alt=\"Chartres-en-lumi\u00e8res\" class=\"align-left\" width=\"300\" height=\"185\" \/><\/a>\r\n<\/p>\r\n\r\n<\/br>\r\n<p><img loading=\"lazy\" decoding=\"async\" src=\"http:\/\/flshka.com\/wp-content\/uploads\/2015\/09\/LM_projector_icon-150x74.png\" alt=\"LM_projector_icon\" width=\"26\" height=\"13\" \/><\/a>\r\n<em> Video Mapping<\/em>\r\n<\/br>\r\n<img loading=\"lazy\" decoding=\"async\" src=\"http:\/\/flshka.com\/wp-content\/uploads\/2015\/09\/icon-location.png\" alt=\"icon-location\" width=\"20\" height=\"25\" \/>\r\n<strong>Th\u00e9\u00e2tre de Chartres<\/strong>\r\n<\/br>\r\n<img loading=\"lazy\" decoding=\"async\" src=\"http:\/\/flshka.com\/wp-content\/uploads\/2015\/09\/Calendar-icon.png\" alt=\"Calendar-icon\" width=\"26\" height=\"26\" \/>\r\n<em>du 19 septembre au 10 octobre 2015 et de Avril \u00e0 Septembre 2016<\/em>\r\n<\/br><\/br>\r\n<strong>Chartres en lumi\u00e8res - Ville de Chartres <\/strong>\r\n<\/br><\/br><\/br><\/p>\r\n\r\n\r\n<h4>CREDITS :<\/h4>\r\n\r\n<p><strong>Conception\/Graphisme\/Animation<\/strong>: <em>Jean-No\u00ebl Beyssier<\/em><\/p>\r\n\r\n<p><strong>Musique<\/strong> : <em>Nicolas Boscovic<\/em><\/p>\r\n\r\n<p><strong>Conception sonore<\/strong> : <em>Camille Lucchino<\/em><\/p>\r\n\r\n\r\n<h3>Gallerie :<\/h3>\r\n\n\n<!-- CJT Shortcode Block (32) - Hexagon - EVOLVE - START -->\n\n\t\t\t\t\t\t<span id='csmi-6884eb01e5de6b1d1ee081cf357cf9d6' class='csmi csmi-bid-32 csmi-Hexagon - EVOLVE'>\n\t\t\t\t\t\t\t <!-- Evolve-->\n\n\n<ul id=\"hexGrid\">\n\n<li class=\"hex\"> <div class=\"hexIn\">\n\t<a class=\"hexLink\" href=\"https:\/\/flshka.com\/wp-content\/uploads\/2015\/09\/Evolve-DSCF1292.jpg\" rel=\"lightbox[evolve]\" data-rel=\"lightbox-image-0\" data-rl_title=\"\" data-rl_caption=\"\" title=\"\">\n\t<img decoding=\"async\" src=\"https:\/\/flshka.com\/wp-content\/uploads\/2015\/09\/Evolve-small350-DSCF1292.jpg\" alt=\"\" \/>\n\t<h1>VIEW<\/h1>\n\t<p>IMAGE<\/p>\n<\/a><\/div><\/li>\n\n<li class=\"hex\"> <div class=\"hexIn\">\n\t<a class=\"hexLink\" href=\"https:\/\/flshka.com\/wp-content\/uploads\/2015\/09\/Evolve-DSCF1252.jpg\" rel=\"lightbox[evolve]\" data-rel=\"lightbox-image-1\" data-rl_title=\"\" data-rl_caption=\"\" title=\"\">\n\t<img decoding=\"async\" src=\"https:\/\/flshka.com\/wp-content\/uploads\/2015\/09\/Evolve-small350-DSCF1252.jpg\" alt=\"\" \/>\n\t<h1>VIEW<\/h1>\n\t<p>IMAGE<\/p>\n<\/a><\/div><\/li>\n\n<li class=\"hex\"> <div class=\"hexIn\">\n\t<a class=\"hexLink\" href=\"https:\/\/flshka.com\/wp-content\/uploads\/2015\/09\/Evolve-DSCF1400.jpg\" rel=\"lightbox[evolve]\" data-rel=\"lightbox-image-2\" data-rl_title=\"\" data-rl_caption=\"\" title=\"\">\n\t<img decoding=\"async\" src=\"https:\/\/flshka.com\/wp-content\/uploads\/2015\/09\/Evolve-small350-DSCF1400.jpg\" alt=\"\" \/>\n\t<h1>VIEW<\/h1>\n\t<p>IMAGE<\/p>\n<\/a><\/div><\/li>\n\n<li class=\"hex\"> <div class=\"hexIn\">\n\t<a class=\"hexLink\" href=\"https:\/\/flshka.com\/wp-content\/uploads\/2015\/09\/Evolve-DSCF1282.jpg\" rel=\"lightbox[evolve]\" data-rel=\"lightbox-image-3\" data-rl_title=\"\" data-rl_caption=\"\" title=\"\">\n\t<img decoding=\"async\" src=\"https:\/\/flshka.com\/wp-content\/uploads\/2015\/09\/Evolve-small350-DSCF1282.jpg\" alt=\"\" \/>\n\t<h1>VIEW<\/h1>\n\t<p>IMAGE<\/p>\n<\/a><\/div><\/li>\n\n<li class=\"hex\"> <div class=\"hexIn\">\n\t<a class=\"hexLink\" href=\"https:\/\/flshka.com\/wp-content\/uploads\/2015\/09\/Evolve-DSCF1300.jpg\" rel=\"lightbox[evolve]\" data-rel=\"lightbox-image-4\" data-rl_title=\"\" data-rl_caption=\"\" title=\"\">\n\t<img decoding=\"async\" src=\"https:\/\/flshka.com\/wp-content\/uploads\/2015\/09\/Evolve-small350-DSCF1300.jpg\" alt=\"\" \/>\n\t<h1>VIEW<\/h1>\n\t<p>IMAGE<\/p>\n<\/a><\/div><\/li>\n\n<li class=\"hex\"> <div class=\"hexIn\">\n\t<a class=\"hexLink\" href=\"https:\/\/flshka.com\/wp-content\/uploads\/2015\/09\/Evolve-DSCF1401.jpg\" rel=\"lightbox[evolve]\" data-rel=\"lightbox-image-5\" data-rl_title=\"\" data-rl_caption=\"\" title=\"\">\n\t<img decoding=\"async\" src=\"https:\/\/flshka.com\/wp-content\/uploads\/2015\/09\/Evolve-small350-DSCF1401.jpg\" alt=\"\" \/>\n\t<h1>VIEW<\/h1>\n\t<p>IMAGE<\/p>\n<\/a><\/div><\/li>\n\n<li class=\"hex\"> <div class=\"hexIn\">\n\t<a class=\"hexLink\" href=\"https:\/\/flshka.com\/wp-content\/uploads\/2015\/09\/Evolve-DSCF1298.jpg\" rel=\"lightbox[evolve]\" data-rel=\"lightbox-image-6\" data-rl_title=\"\" data-rl_caption=\"\" title=\"\">\n\t<img decoding=\"async\" src=\"https:\/\/flshka.com\/wp-content\/uploads\/2015\/09\/Evolve-small350-DSCF1298.jpg\" alt=\"\" \/>\n\t<h1>VIEW<\/h1>\n\t<p>IMAGE<\/p>\n<\/a><\/div><\/li>\n\n<li class=\"hex\"> <div class=\"hexIn\">\n\t<a class=\"hexLink\" href=\"https:\/\/flshka.com\/wp-content\/uploads\/2015\/09\/Evolve-DSCF1404.jpg\" rel=\"lightbox[evolve]\" data-rel=\"lightbox-image-7\" data-rl_title=\"\" data-rl_caption=\"\" title=\"\">\n\t<img decoding=\"async\" src=\"https:\/\/flshka.com\/wp-content\/uploads\/2015\/09\/Evolve-small350-DSCF1404.jpg\" alt=\"\" \/>\n\t<h1>VIEW<\/h1>\n\t<p>IMAGE<\/p>\n<\/a><\/div><\/li>\n\n<li class=\"hex\"> <div class=\"hexIn\">\n\t<a class=\"hexLink\" href=\"https:\/\/flshka.com\/wp-content\/uploads\/2015\/09\/Evolve-DSCF1301.jpg\" rel=\"lightbox[evolve]\" data-rel=\"lightbox-image-8\" data-rl_title=\"\" data-rl_caption=\"\" title=\"\">\n\t<img decoding=\"async\" src=\"https:\/\/flshka.com\/wp-content\/uploads\/2015\/09\/Evolve-small350-DSCF1301.jpg\" alt=\"\" \/>\n\t<h1>VIEW<\/h1>\n\t<p>IMAGE<\/p>\n<\/a><\/div><\/li>\n\n<li class=\"hex\"> <div class=\"hexIn\">\n\t<a class=\"hexLink\" href=\"https:\/\/flshka.com\/wp-content\/uploads\/2015\/09\/Evolve-DSCF1308.jpg\" rel=\"lightbox[evolve]\" data-rel=\"lightbox-image-9\" data-rl_title=\"\" data-rl_caption=\"\" title=\"\">\n\t<img decoding=\"async\" src=\"https:\/\/flshka.com\/wp-content\/uploads\/2015\/09\/Evolve-small350-DSCF1308.jpg\" alt=\"\" \/>\n\t<h1>VIEW<\/h1>\n\t<p>IMAGE<\/p>\n<\/a><\/div><\/li>\n\n<li class=\"hex\"> <div class=\"hexIn\">\n\t<a class=\"hexLink\" href=\"https:\/\/flshka.com\/wp-content\/uploads\/2015\/09\/Evolve-DSCF1304.jpg\" rel=\"lightbox[evolve]\" data-rel=\"lightbox-image-10\" data-rl_title=\"\" data-rl_caption=\"\" title=\"\">\n\t<img decoding=\"async\" src=\"https:\/\/flshka.com\/wp-content\/uploads\/2015\/09\/Evolve-small350-DSCF1304.jpg\" alt=\"\" \/>\n\t<h1>VIEW<\/h1>\n\t<p>IMAGE<\/p>\n<\/a><\/div><\/li>\n\n\n<li class=\"hex\"> <div class=\"hexIn\">\n\t<a class=\"hexLink\" href=\"https:\/\/flshka.com\/wp-content\/uploads\/2015\/09\/Evolve-DSCF1309.jpg\" rel=\"lightbox[evolve]\" data-rel=\"lightbox-image-11\" data-rl_title=\"\" data-rl_caption=\"\" title=\"\">\n\t<img decoding=\"async\" src=\"https:\/\/flshka.com\/wp-content\/uploads\/2015\/09\/Evolve-small350-DSCF1309.jpg\" alt=\"\" \/>\n\t<h1>VIEW<\/h1>\n\t<p>IMAGE<\/p>\n<\/a><\/div><\/li>\n\n<\/ul>\n\t\t\t\t\t\t<\/span>\n\n\t\t\t\t\t<!-- CJT Shortcode Block (32) - Hexagon - EVOLVE - END -->","protected":false},"excerpt":{"rendered":"[raw] \" De la naissance de la terre jusqu'\u00e0 nos jours, quelques milliards d'ann\u00e9e d'\u00e9volution en 2 min 30 \" Evolve est la premi\u00e8re cr\u00e9ation de Flshka design, elle a \u00e9t\u00e9 prim\u00e9e par le 2nd prix du jury lors du \"Chartres Video Mapping Contest\" 2015. Video Mapping Th\u00e9\u00e2tre de Chartres du 19 septembre au 10 &hellip; <a href=\"https:\/\/flshka.com\/en\/evolve\/\" class=\"more-link\">Continue reading<span class=\"screen-reader-text\"> \"Evolve\"<\/span><\/a>","protected":false},"author":1,"featured_media":0,"parent":0,"menu_order":0,"comment_status":"closed","ping_status":"closed","template":"","meta":{"footnotes":""},"class_list":["post-133","page","type-page","status-publish","hentry"],"yoast_head":"<!-- This site is optimized with the Yoast SEO plugin v26.1.1 - https:\/\/yoast.com\/wordpress\/plugins\/seo\/ -->\n<title>Evolve - Flshka design<\/title>\n<meta name=\"robots\" content=\"index, follow, max-snippet:-1, max-image-preview:large, max-video-preview:-1\" \/>\n<link rel=\"canonical\" href=\"https:\/\/flshka.com\/evolve\/\" \/>\n<meta property=\"og:locale\" content=\"en_US\" \/>\n<meta property=\"og:type\" content=\"article\" \/>\n<meta property=\"og:title\" content=\"Evolve - Flshka design\" \/>\n<meta property=\"og:description\" content=\"[raw] &quot; De la naissance de la terre jusqu&#039;\u00e0 nos jours, quelques milliards d&#039;ann\u00e9e d&#039;\u00e9volution en 2 min 30 &quot; Evolve est la premi\u00e8re cr\u00e9ation de Flshka design, elle a \u00e9t\u00e9 prim\u00e9e par le 2nd prix du jury lors du &quot;Chartres Video Mapping Contest&quot; 2015. Video Mapping Th\u00e9\u00e2tre de Chartres du 19 septembre au 10 &hellip; Continue reading &quot;Evolve&quot;\" \/>\n<meta property=\"og:url\" content=\"https:\/\/flshka.com\/evolve\/\" \/>\n<meta property=\"og:site_name\" content=\"Flshka design\" \/>\n<meta property=\"article:modified_time\" content=\"2019-01-29T22:49:19+00:00\" \/>\n<meta property=\"og:image\" content=\"http:\/\/flshka.com\/wp-content\/uploads\/2015\/09\/Evolve-med500-DSCF1292.jpg\" \/>\n<meta name=\"twitter:card\" content=\"summary_large_image\" \/>\n<meta name=\"twitter:label1\" content=\"Est. reading time\" \/>\n\t<meta name=\"twitter:data1\" content=\"1 minute\" \/>\n<script type=\"application\/ld+json\" class=\"yoast-schema-graph\">{\"@context\":\"https:\/\/schema.org\",\"@graph\":[{\"@type\":\"WebPage\",\"@id\":\"https:\/\/flshka.com\/evolve\/\",\"url\":\"https:\/\/flshka.com\/evolve\/\",\"name\":\"Evolve - Flshka design\",\"isPartOf\":{\"@id\":\"https:\/\/flshka.com\/#website\"},\"primaryImageOfPage\":{\"@id\":\"https:\/\/flshka.com\/evolve\/#primaryimage\"},\"image\":{\"@id\":\"https:\/\/flshka.com\/evolve\/#primaryimage\"},\"thumbnailUrl\":\"http:\/\/flshka.com\/wp-content\/uploads\/2015\/09\/Evolve-med500-DSCF1292.jpg\",\"datePublished\":\"2015-09-27T17:41:21+00:00\",\"dateModified\":\"2019-01-29T22:49:19+00:00\",\"breadcrumb\":{\"@id\":\"https:\/\/flshka.com\/evolve\/#breadcrumb\"},\"inLanguage\":\"en-US\",\"potentialAction\":[{\"@type\":\"ReadAction\",\"target\":[\"https:\/\/flshka.com\/evolve\/\"]}]},{\"@type\":\"ImageObject\",\"inLanguage\":\"en-US\",\"@id\":\"https:\/\/flshka.com\/evolve\/#primaryimage\",\"url\":\"http:\/\/flshka.com\/wp-content\/uploads\/2015\/09\/Evolve-med500-DSCF1292.jpg\",\"contentUrl\":\"http:\/\/flshka.com\/wp-content\/uploads\/2015\/09\/Evolve-med500-DSCF1292.jpg\"},{\"@type\":\"BreadcrumbList\",\"@id\":\"https:\/\/flshka.com\/evolve\/#breadcrumb\",\"itemListElement\":[{\"@type\":\"ListItem\",\"position\":1,\"name\":\"Accueil\",\"item\":\"https:\/\/flshka.com\/\"},{\"@type\":\"ListItem\",\"position\":2,\"name\":\"Evolve\"}]},{\"@type\":\"WebSite\",\"@id\":\"https:\/\/flshka.com\/#website\",\"url\":\"https:\/\/flshka.com\/\",\"name\":\"Flshka design\",\"description\":\"Digital Art \/ Video Mapping compagny\",\"potentialAction\":[{\"@type\":\"SearchAction\",\"target\":{\"@type\":\"EntryPoint\",\"urlTemplate\":\"https:\/\/flshka.com\/?s={search_term_string}\"},\"query-input\":{\"@type\":\"PropertyValueSpecification\",\"valueRequired\":true,\"valueName\":\"search_term_string\"}}],\"inLanguage\":\"en-US\"}]}<\/script>\n<!-- \/ Yoast SEO plugin. -->","yoast_head_json":{"title":"Evolve - Flshka design","robots":{"index":"index","follow":"follow","max-snippet":"max-snippet:-1","max-image-preview":"max-image-preview:large","max-video-preview":"max-video-preview:-1"},"canonical":"https:\/\/flshka.com\/evolve\/","og_locale":"en_US","og_type":"article","og_title":"Evolve - Flshka design","og_description":"[raw] \" De la naissance de la terre jusqu'\u00e0 nos jours, quelques milliards d'ann\u00e9e d'\u00e9volution en 2 min 30 \" Evolve est la premi\u00e8re cr\u00e9ation de Flshka design, elle a \u00e9t\u00e9 prim\u00e9e par le 2nd prix du jury lors du \"Chartres Video Mapping Contest\" 2015. Video Mapping Th\u00e9\u00e2tre de Chartres du 19 septembre au 10 &hellip; Continue reading \"Evolve\"","og_url":"https:\/\/flshka.com\/evolve\/","og_site_name":"Flshka design","article_modified_time":"2019-01-29T22:49:19+00:00","og_image":[{"url":"http:\/\/flshka.com\/wp-content\/uploads\/2015\/09\/Evolve-med500-DSCF1292.jpg","type":"","width":"","height":""}],"twitter_card":"summary_large_image","twitter_misc":{"Est. reading time":"1 minute"},"schema":{"@context":"https:\/\/schema.org","@graph":[{"@type":"WebPage","@id":"https:\/\/flshka.com\/evolve\/","url":"https:\/\/flshka.com\/evolve\/","name":"Evolve - Flshka design","isPartOf":{"@id":"https:\/\/flshka.com\/#website"},"primaryImageOfPage":{"@id":"https:\/\/flshka.com\/evolve\/#primaryimage"},"image":{"@id":"https:\/\/flshka.com\/evolve\/#primaryimage"},"thumbnailUrl":"http:\/\/flshka.com\/wp-content\/uploads\/2015\/09\/Evolve-med500-DSCF1292.jpg","datePublished":"2015-09-27T17:41:21+00:00","dateModified":"2019-01-29T22:49:19+00:00","breadcrumb":{"@id":"https:\/\/flshka.com\/evolve\/#breadcrumb"},"inLanguage":"en-US","potentialAction":[{"@type":"ReadAction","target":["https:\/\/flshka.com\/evolve\/"]}]},{"@type":"ImageObject","inLanguage":"en-US","@id":"https:\/\/flshka.com\/evolve\/#primaryimage","url":"http:\/\/flshka.com\/wp-content\/uploads\/2015\/09\/Evolve-med500-DSCF1292.jpg","contentUrl":"http:\/\/flshka.com\/wp-content\/uploads\/2015\/09\/Evolve-med500-DSCF1292.jpg"},{"@type":"BreadcrumbList","@id":"https:\/\/flshka.com\/evolve\/#breadcrumb","itemListElement":[{"@type":"ListItem","position":1,"name":"Accueil","item":"https:\/\/flshka.com\/"},{"@type":"ListItem","position":2,"name":"Evolve"}]},{"@type":"WebSite","@id":"https:\/\/flshka.com\/#website","url":"https:\/\/flshka.com\/","name":"Flshka design","description":"Digital Art \/ Video Mapping compagny","potentialAction":[{"@type":"SearchAction","target":{"@type":"EntryPoint","urlTemplate":"https:\/\/flshka.com\/?s={search_term_string}"},"query-input":{"@type":"PropertyValueSpecification","valueRequired":true,"valueName":"search_term_string"}}],"inLanguage":"en-US"}]}},"_links":{"self":[{"href":"https:\/\/flshka.com\/en\/wp-json\/wp\/v2\/pages\/133","targetHints":{"allow":["GET"]}}],"collection":[{"href":"https:\/\/flshka.com\/en\/wp-json\/wp\/v2\/pages"}],"about":[{"href":"https:\/\/flshka.com\/en\/wp-json\/wp\/v2\/types\/page"}],"author":[{"embeddable":true,"href":"https:\/\/flshka.com\/en\/wp-json\/wp\/v2\/users\/1"}],"replies":[{"embeddable":true,"href":"https:\/\/flshka.com\/en\/wp-json\/wp\/v2\/comments?post=133"}],"version-history":[{"count":77,"href":"https:\/\/flshka.com\/en\/wp-json\/wp\/v2\/pages\/133\/revisions"}],"predecessor-version":[{"id":774,"href":"https:\/\/flshka.com\/en\/wp-json\/wp\/v2\/pages\/133\/revisions\/774"}],"wp:attachment":[{"href":"https:\/\/flshka.com\/en\/wp-json\/wp\/v2\/media?parent=133"}],"curies":[{"name":"wp","href":"https:\/\/api.w.org\/{rel}","templated":true}]}}